{"id":762,"date":"2016-03-15T09:28:25","date_gmt":"2016-03-15T09:28:25","guid":{"rendered":"http:\/\/34.90.62.165\/~transp76\/?page_id=762&#038;lang=es"},"modified":"2020-01-10T13:17:16","modified_gmt":"2020-01-10T12:17:16","slug":"faq","status":"publish","type":"page","link":"https:\/\/transportairport.es\/es\/faq\/","title":{"rendered":"FAQ"},"content":{"rendered":"<h2>Transport Airport \u2013 Servicio de Transporte Privado<\/h2>\n<p>Traslados al aeropuerto con conductores que hablan ingl\u00e9s. Servicio profesional y eficiente de traslados a los aeropuertos de Alicante y Valencia desde y hacia las ciudades de Benissa, Benitachell, Calpe, J\u00e1vea, Jal\u00f3n, D\u00e9nia, Moraira, Benidorm, etc.<\/p>\n<h2>De su casa al aeropuerto<\/h2>\n<p>En el proceso de reserva puede indicar su domicilio, y nuestro conductor lo recoger\u00e1 en su puerta.<\/p>\n","protected":false},"excerpt":{"rendered":"<p>Transport Airport \u2013 Servicio de Transporte Privado Traslados al aeropuerto con conductores que hablan ingl\u00e9s. Servicio profesional y eficiente de traslados a los aeropuertos de Alicante y Valencia desde y hacia las ciudades de Benissa, Benitachell, Calpe, J\u00e1vea, Jal\u00f3n, D\u00e9nia, Moraira, Benidorm, etc. De su casa al aeropuerto En el proceso de reserva puede indicar [&hellip;]<\/p>\n","protected":false},"author":9,"featured_media":0,"parent":0,"menu_order":0,"comment_status":"open","ping_status":"closed","template":"page-faq-list.php","meta":{"footnotes":""},"class_list":["post-762","page","type-page","status-publish","hentry"],"_links":{"self":[{"href":"https:\/\/transportairport.es\/es\/wp-json\/wp\/v2\/pages\/762","targetHints":{"allow":["GET"]}}],"collection":[{"href":"https:\/\/transportairport.es\/es\/wp-json\/wp\/v2\/pages"}],"about":[{"href":"https:\/\/transportairport.es\/es\/wp-json\/wp\/v2\/types\/page"}],"author":[{"embeddable":true,"href":"https:\/\/transportairport.es\/es\/wp-json\/wp\/v2\/users\/9"}],"replies":[{"embeddable":true,"href":"https:\/\/transportairport.es\/es\/wp-json\/wp\/v2\/comments?post=762"}],"version-history":[{"count":0,"href":"https:\/\/transportairport.es\/es\/wp-json\/wp\/v2\/pages\/762\/revisions"}],"wp:attachment":[{"href":"https:\/\/transportairport.es\/es\/wp-json\/wp\/v2\/media?parent=762"}],"curies":[{"name":"wp","href":"https:\/\/api.w.org\/{rel}","templated":true}]}}