{"id":756,"date":"2016-03-15T09:23:56","date_gmt":"2016-03-15T09:23:56","guid":{"rendered":"http:\/\/34.90.62.165\/~transp76\/?page_id=756&#038;lang=es"},"modified":"2024-12-24T12:34:44","modified_gmt":"2024-12-24T11:34:44","slug":"contacto","status":"publish","type":"page","link":"https:\/\/transportairport.es\/es\/contacto\/","title":{"rendered":"Contacto"},"content":{"rendered":"<p><img decoding=\"async\" src=\"https:\/\/transportairport.es\/wp-content\/uploads\/2016\/02\/Maletas-de-viaje.jpg\" alt=\"imagen maleta en cinta de equipaje de aeropuerto\" \/><\/p>\n<h2>Servicio de atenci\u00f3n al cliente<\/h2>\n<p>Si tiene alguna pregunta sobre tarifas, confirmaciones o cualquier otra pregunta espec\u00edfica sobre reservas :<br \/>\n&#8211; Por correo electr\u00f3nico : info@transportairport.es<br \/>\n&#8211; Por tel\u00e9fono : <a href=\"tel:+34662645016\">+34 662 64 50 16<\/a><\/p>\n<h2>Tambi\u00e9n puede ponerse en contacto con todos nuestros departamentos utilizando el siguiente formulario<\/h2>\n<p class=\"wpcf7-contact-form-not-found\"><strong>Error:<\/strong> Formulario de contacto no encontrado.<\/p>\n","protected":false},"excerpt":{"rendered":"<p>Servicio de atenci\u00f3n al cliente Si tiene alguna pregunta sobre tarifas, confirmaciones o cualquier otra pregunta espec\u00edfica sobre reservas : &#8211; Por correo electr\u00f3nico : info@transportairport.es &#8211; Por tel\u00e9fono : +34 662 64 50 16 Tambi\u00e9n puede ponerse en contacto con todos nuestros departamentos utilizando el siguiente formulario<\/p>\n","protected":false},"author":9,"featured_media":0,"parent":0,"menu_order":0,"comment_status":"open","ping_status":"closed","template":"page-contact-form-7.php","meta":{"footnotes":""},"class_list":["post-756","page","type-page","status-publish","hentry"],"_links":{"self":[{"href":"https:\/\/transportairport.es\/es\/wp-json\/wp\/v2\/pages\/756","targetHints":{"allow":["GET"]}}],"collection":[{"href":"https:\/\/transportairport.es\/es\/wp-json\/wp\/v2\/pages"}],"about":[{"href":"https:\/\/transportairport.es\/es\/wp-json\/wp\/v2\/types\/page"}],"author":[{"embeddable":true,"href":"https:\/\/transportairport.es\/es\/wp-json\/wp\/v2\/users\/9"}],"replies":[{"embeddable":true,"href":"https:\/\/transportairport.es\/es\/wp-json\/wp\/v2\/comments?post=756"}],"version-history":[{"count":2,"href":"https:\/\/transportairport.es\/es\/wp-json\/wp\/v2\/pages\/756\/revisions"}],"predecessor-version":[{"id":7398,"href":"https:\/\/transportairport.es\/es\/wp-json\/wp\/v2\/pages\/756\/revisions\/7398"}],"wp:attachment":[{"href":"https:\/\/transportairport.es\/es\/wp-json\/wp\/v2\/media?parent=756"}],"curies":[{"name":"wp","href":"https:\/\/api.w.org\/{rel}","templated":true}]}}