{"id":6586,"date":"2020-02-25T20:19:05","date_gmt":"2020-02-25T19:19:05","guid":{"rendered":"http:\/\/transportairport.es\/terminos-y-condiciones\/"},"modified":"2021-02-03T12:05:26","modified_gmt":"2021-02-03T11:05:26","slug":"terminos-y-condiciones","status":"publish","type":"page","link":"https:\/\/transportairport.es\/es\/terminos-y-condiciones\/","title":{"rendered":"T\u00e9rminos y Condiciones"},"content":{"rendered":"\n<p>El sitio web <a href=\"https:\/\/transportairport.es\/es\/\">https:\/\/transportairport.es<\/a> act\u00faa como un medio para permitir a los usuarios contratar los servicios de traslado ofrecidos por la empresa Transport Airport.<\/p>\n\n<p>Estos servicios se ofrecen desde y hacia los aeropuertos de Alicante y Valencia.<\/p>\n\n<p>La empresa propietaria de <a href=\"https:\/\/transportairport.es\/es\/\">https:\/\/transportairport.es<\/a> es Innobus Charly 2018 S.L., con CIF B42608752 y sede en Avenida Casanova, Residencial La Perla 14H, Calp &#8211; Alicante (Espa\u00f1a).<\/p>\n\n<h2 class=\"wp-block-heading\">Infomaci\u00f3n sobre Reservas<\/h2>\n\n<p>Todas las reservas deben realizarse al menos 24 horas antes de su salida. Todas las reservas realizadas en menos de 24 horas deben solicitarse a trav\u00e9s de <a href=\"tel:+34662645016\">nuestro n\u00famero de tel\u00e9fono<\/a> (+34 662 645 016) o nuestro <a href=\"mailto:info@transportairport.es\">correo electr\u00f3nico<\/a> (info@transportairport.es).<\/p>\n\n<p>Si no nos proporciona la informaci\u00f3n correcta y tenemos que proporcionar un transporte alternativo (por ejemplo, olvid\u00f3 informarnos sobre art\u00edculos adicionales necesarios, como silla de ruedas, mascotas, bicicleta, maleta, etc.), se pueden incurrir en costos adicionales con el fin de proporcionar el servicio.<\/p>\n\n<p>Seg\u00fan la legislaci\u00f3n de la UE, cada ni\u00f1o debe ser transportado en el asiento infantil apropiado. Aseg\u00farese de solicitar el asiento infantil adecuado al realizar la reservar del traslado.<\/p>\n\n<p>Cuando se complete la reserva, recibir\u00e1 un correo electr\u00f3nico con su n\u00famero de pedido y todos los detalles necesarios para el servicio. Debe contactarnos si hay alg\u00fan error.<\/p>\n\n<p>Es su responsabilidad viajar en posesi\u00f3n de su comprobante de reserva en todo momento, ya sea en su tel\u00e9fono (correo electr\u00f3nico) o imprimiendo el recibo.<\/p>\n\n<h2 class=\"wp-block-heading\">M\u00e9todos de pago<\/h2>\n\n<p>Los pagos en l\u00ednea se pueden realizar a trav\u00e9s de <strong>PayPal<\/strong>, el sistema m\u00e1s seguro para compras realizadas a trav\u00e9s de Internet.<\/p>\n\n<p>Ahora, PayPal tambi\u00e9n acepta pagos con <strong>tarjeta de cr\u00e9dito<\/strong>.<\/p>\n\n<p>Tambi\u00e9n puede pagar directamente <strong>en efectivo<\/strong> al conductor del veh\u00edculo en el momento del viaje.<\/p>\n\n<h2 class=\"wp-block-heading\">Cambios en su reserva<\/h2>\n\n<p>Si necesita cambiar algo relacionado con su reserva, cont\u00e1ctenos lo antes posible por correo electr\u00f3nico.<\/p>\n\n<p>Para los cambios recibidos dentro de los 3 d\u00edas previos al traslado, habr\u00e1 un cargo adicional de 20\u20ac.<\/p>\n\n<h2 class=\"wp-block-heading\">Cancelaciones<\/h2>\n\n<p>En caso de cancelaci\u00f3n por parte del usuario, se cobrar\u00e1 un importe como gastos de gesti\u00f3n:<\/p>\n\n<ul class=\"wp-block-list\"><li>Si la cancelaci\u00f3n se produce en las \u00faltimas 24 horas antes del transporte, se cobrar\u00e1 el 100%.<\/li><li>Si la cancelaci\u00f3n se produce en los \u00faltimos 3 d\u00edas (72h) antes del transporte, se cargar\u00e1 el 50% del importe de la reserva, devolviendo el otro 50% al usuario.<\/li><li>En caso de cancelar antes de los \u00faltimos 3 d\u00edas (72h), se devolver\u00e1 al usuario el 100% del importe de la reserva.<\/li><\/ul>\n\n<h2 class=\"wp-block-heading\">Informaci\u00f3n de Equipaje<\/h2>\n\n<p>Para reservas con m\u00e1s de 2 bicicletas \/ maletas para bicicletas, deber\u00e1 contactarnos por correo electr\u00f3nico o completar la opci\u00f3n de traslado personalizado, para que podamos informarle sobre cualquier traslado especial y si habr\u00e1 un cargo adicional.<\/p>\n\n<p>Siempre intentaremos devolver cualquier equipaje que quede en los veh\u00edculos, sin embargo, se incurrir\u00e1 en cargos adicionales.<\/p>\n\n<h2 class=\"wp-block-heading\">Derecho de Admisi\u00f3n<\/h2>\n\n<p>Nos reservamos el derecho de rechazar el traslado de cualquier persona que est\u00e9 bajo la influencia del alcohol o las drogas o aquellas cuyo comportamiento o lenguaje pueda ser ofensivo para el conductor u otros pasajeros.<\/p>\n\n<h2 class=\"wp-block-heading\">Condiciones del Traslado<\/h2>\n\n<p>El conductor esperar\u00e1 un m\u00e1ximo de 60 minutos desde el momento de la llegada del vuelo. Si tiene alg\u00fan problema en el control del aeropuerto o con su equipaje, cont\u00e1ctenos por tel\u00e9fono para notificar al conductor.<\/p>\n\n<p>Para cualquier otro punto de recogida (Hotel, Villa, Apartamentos &#8230;), el tiempo m\u00e1ximo de espera ser\u00e1 de solo 15 minutos. Si tambi\u00e9n ha realizado una reserva de retorno, el conductor que lo recoge en el aeropuerto confirmar\u00e1 la fecha y hora acordadas.<\/p>\n\n<h2 class=\"wp-block-heading\">Quejas<\/h2>\n\n<p>Si no est\u00e1 satisfecho con alguna parte de nuestro servicio, puede comunicarse con nosotros por correo electr\u00f3nico dentro de los 30 d\u00edas posteriores a la fecha de su traslado. Solo aceptaremos responsabilidad por reclamos producidos por nuestra propia negligencia.<\/p>\n","protected":false},"excerpt":{"rendered":"<p>El sitio web https:\/\/transportairport.es act\u00faa como un medio para permitir a los usuarios contratar los servicios de traslado ofrecidos por la empresa Transport Airport. Estos servicios se ofrecen desde y hacia los aeropuertos de Alicante y Valencia. La empresa propietaria de https:\/\/transportairport.es es Innobus Charly 2018 S.L., con CIF B42608752 y sede en Avenida Casanova, [&hellip;]<\/p>\n","protected":false},"author":9,"featured_media":0,"parent":0,"menu_order":0,"comment_status":"closed","ping_status":"closed","template":"","meta":{"footnotes":""},"class_list":["post-6586","page","type-page","status-publish","hentry"],"_links":{"self":[{"href":"https:\/\/transportairport.es\/es\/wp-json\/wp\/v2\/pages\/6586","targetHints":{"allow":["GET"]}}],"collection":[{"href":"https:\/\/transportairport.es\/es\/wp-json\/wp\/v2\/pages"}],"about":[{"href":"https:\/\/transportairport.es\/es\/wp-json\/wp\/v2\/types\/page"}],"author":[{"embeddable":true,"href":"https:\/\/transportairport.es\/es\/wp-json\/wp\/v2\/users\/9"}],"replies":[{"embeddable":true,"href":"https:\/\/transportairport.es\/es\/wp-json\/wp\/v2\/comments?post=6586"}],"version-history":[{"count":0,"href":"https:\/\/transportairport.es\/es\/wp-json\/wp\/v2\/pages\/6586\/revisions"}],"wp:attachment":[{"href":"https:\/\/transportairport.es\/es\/wp-json\/wp\/v2\/media?parent=6586"}],"curies":[{"name":"wp","href":"https:\/\/api.w.org\/{rel}","templated":true}]}}