{"id":6517,"date":"2020-02-11T21:08:34","date_gmt":"2020-02-11T20:08:34","guid":{"rendered":"http:\/\/transportairport.es\/?page_id=6517"},"modified":"2020-02-11T21:13:08","modified_gmt":"2020-02-11T20:13:08","slug":"politica-de-cookies","status":"publish","type":"page","link":"https:\/\/transportairport.es\/es\/politica-de-cookies\/","title":{"rendered":"Pol\u00edtica de Cookies"},"content":{"rendered":"\n<h3 class=\"wp-block-heading\">\u00bfQu\u00e9 son las Cookies?<\/h3>\n\n\n\n<p>Las Cookies son peque\u00f1os ficheros de texto que el servidor del Sitio Web env\u00eda al navegador utilizado por el usuario para acceder (ya sea desde un ordenador, m\u00f3vil, tablet, etc.). La finalidad de las Cookies es almacenar informaci\u00f3n sobre la navegaci\u00f3n que se efect\u00faa desde dicho equipo en el sitio web&nbsp;https:\/\/transportairport.es\/, pudiendo recuperarse dicha informaci\u00f3n a posteriori.<\/p>\n\n\n\n<p>Puedes consultar una gu\u00eda sobre Cookies en el siguiente enlace:&nbsp;<a rel=\"noreferrer noopener\" target=\"_blank\" href=\"http:\/\/www.interior.gob.es\/documents\/10180\/13073\/Guia_Cookies.pdf\">http:\/\/www.interior.gob.es\/documents\/10180\/13073\/Guia_Cookies.pdf<\/a><\/p>\n\n\n\n<p>Las Cookies se asocian \u00fanicamente a un usuario an\u00f3nimo y su dispositivo y no proporcionan referencias que permitan deducir datos personales del usuario. El usuario podr\u00e1 configurar su navegador para que notifique y rechace la instalaci\u00f3n de Cookies enviadas por la Web, sin que ello perjudique la posibilidad del usuario de acceder a los contenidos de dicha web. Sin embargo la calidad de funcionamiento de la p\u00e1gina Web puede disminuir.<\/p>\n\n\n\n<h3 class=\"wp-block-heading\">\u00bfQu\u00e9 tipos de Cookies existen?<\/h3>\n\n\n\n<ul class=\"wp-block-list\"><li><strong>Cookies propias o de terceros:<\/strong>&nbsp;son propias cuando las cookies se gestionan desde&nbsp;https:\/\/transportairport.es\/. De terceros, cuando las env\u00eda una entidad ajena a&nbsp;https:\/\/transportairport.es\/.<\/li><li><strong>Cookies de sesi\u00f3n y persistentes:<\/strong>&nbsp;las Cookies de sesi\u00f3n expiran cuando el usuario cierra el navegador. Las Cookies persistentes expiran en funci\u00f3n de cuando se cumpla el objetivo para el que sirven (por ejemplo, para que el usuario se mantenga identificado) o bien cuando se borran manualmente.<\/li><li><strong>Cookies t\u00e9cnicas\/personalizaci\u00f3n\/an\u00e1lisis\/publicitarias:<\/strong>&nbsp;las cookies t\u00e9cnicas permiten controlar el tr\u00e1fico y la comunicaci\u00f3n de datos. Las de personalizaci\u00f3n dejan a los usuarios acceder seg\u00fan algunas caracter\u00edsticas propias que se recogen (navegador, idioma, etc.). Las de an\u00e1lisis recogen datos sobre el comportamiento de los usuarios y permiten elaborar un perfil de usuario. Por \u00faltimo, las publicitarias recogen datos sobre la gesti\u00f3n de los espacios publicitarios.<\/li><\/ul>\n\n\n\n<h3 class=\"wp-block-heading\">\u00bfQu\u00e9 Cookies utilizamos en&nbsp;Transport Airport?<\/h3>\n\n\n\n<ul class=\"wp-block-list\"><li><strong>Facebook:<\/strong>&nbsp;utilizamos Cookies de Facebook y de plugins relacionados con Facebook para mostrar contenido de Facebook en&nbsp;https:\/\/transportairport.es\/, y permitir al usuario interactuar con el contenido mostrado desde el mismo Sitio Web, sin la necesidad de acudir a la web de Facebook.<\/li><li><strong>El Tiempo:<\/strong>&nbsp;utilizamos Cookies de eltiempo.es para mostrar la previsi\u00f3n meteorol\u00f3gica.<\/li><li><strong>Google:<\/strong>&nbsp;utilizamos Cookies de Google con diversos fines, como son: anal\u00edtica del comportamiento e interacci\u00f3n por parte del usuario con el Sitio Web, mostrar publicidad relevante para el usuario, administraci\u00f3n de etiquetas.<\/li><li><strong>Cloudflare:<\/strong>&nbsp;las Cookies de Cloudflare se utilizan para identificar a clientes individuales en IPs compartidas, estableciendo preferencias de seguridad individuales. Estas Cookies no almacenan ninguna informaci\u00f3n identificativa.<\/li><li><strong>Doubleclick:<\/strong>&nbsp;las Cookies de Doubleclick se utilizan para mostrar al usuario publicidad relevante y de su inter\u00e9s.<\/li><li><strong>WordPress:&nbsp;<\/strong>el Sitio Web utiliza Cookies propias del CMS WordPress\/wooCommerce para la gesti\u00f3n de sesiones de usuario y la personalizaci\u00f3n del sitio y del contenido.<\/li><li><strong>WPML:&nbsp;<\/strong>utiliza cookies para almacenar y gestionar informaci\u00f3n del idioma del usuario. Tienes m\u00e1s informaci\u00f3n en la&nbsp;<a href=\"https:\/\/wpml.org\/documentation\/support\/browser-cookies-stored-wpml\/\" rel=\"noreferrer noopener\" target=\"_blank\">documentaci\u00f3n oficial de WPML.<\/a><\/li><li><strong>Jetpack:<\/strong>&nbsp;el plugin Jetpack crea diversas Cookies para diferentes cometidos. M\u00e1s informaci\u00f3n en su web sobre Cookies:&nbsp;<a href=\"https:\/\/jetpack.com\/support\/cookies\/\" target=\"_blank\" rel=\"noreferrer noopener\">https:\/\/jetpack.com\/support\/cookies\/<\/a><\/li><li><strong>GDPR Cookie Compliance:<\/strong>&nbsp;Cuando esta cookie est\u00e1 habilitada, estas cookies se utilizan para guardar sus preferencias de configuraci\u00f3n de cookies.<\/li><li><strong>Tripadvisor:<\/strong>&nbsp;utilizamos el widget de TripAdvisor para mostrar las valoraciones de nuestros clientes, adem\u00e1s de permitir valorar nuestra empresa en TripAdvisor directamente desde nuestra web. Para permitirlo se generan una serie de Cookies.<\/li><li><strong>Woocommerce:<\/strong>&nbsp;hacemos uso del plugin de venta online Woocommerce, el cual genera una serie de Cookies para gestionar el carrito del usuario, los productos que hay en el carrito, los productos vistos por el usuario, etc. Tienes m\u00e1s informaci\u00f3n en la&nbsp;<a href=\"https:\/\/docs.woocommerce.com\/document\/woocommerce-cookies\/\" rel=\"noreferrer noopener\" target=\"_blank\">documentaci\u00f3n oficial de Woocommerce.<\/a><\/li><\/ul>\n\n\n\n<h3 class=\"wp-block-heading\">\u00bfC\u00f3mo desactivar las Cookies?<\/h3>\n\n\n\n<p>Desactivando las Cookies no se disfrutar\u00e1 de la experiencia de usuario \u00f3ptima en&nbsp;https:\/\/transportairport.es\/. Si aun as\u00ed quieres desactivarlas, puedes seguir las instrucciones correspondientes a tu navegador:<\/p>\n\n\n\n<ul class=\"wp-block-list\"><li><strong>Google Chrome:<\/strong>&nbsp;<a href=\"https:\/\/support.google.com\/chrome\/answer\/95647?hl=es-419\" target=\"_blank\" rel=\"noreferrer noopener\">http:\/\/support.google.com\/chrome\/cookies\/<\/a><\/li><li><strong>Mozilla Firefox:<\/strong>&nbsp;<a href=\"https:\/\/support.mozilla.org\/es\/kb\/habilitar-y-deshabilitar-cookies-sitios-web-rastrear-preferencias\" target=\"_blank\" rel=\"noreferrer noopener\">https:\/\/support.mozilla.org\/habilitar-y-deshabilitar-cookies\/<\/a><\/li><li><strong>Internet Explorer:<\/strong>&nbsp;<a href=\"https:\/\/support.microsoft.com\/en-us\/help\/17442\/windows-internet-explorer-delete-manage-cookies#ie=ie-10\" target=\"_blank\" rel=\"noreferrer noopener\">https:\/\/support.microsoft.com\/windows-internet-explorer-delete-cookies\/<\/a><\/li><li><strong>Safari:<\/strong>&nbsp;<a href=\"https:\/\/support.apple.com\/es-es\/HT201265\" target=\"_blank\" rel=\"noreferrer noopener\">https:\/\/support.apple.com\/cookies\/<\/a><\/li><\/ul>\n","protected":false},"excerpt":{"rendered":"<p>\u00bfQu\u00e9 son las Cookies? Las Cookies son peque\u00f1os ficheros de texto que el servidor del Sitio Web env\u00eda al navegador utilizado por el usuario para acceder (ya sea desde un ordenador, m\u00f3vil, tablet, etc.). La finalidad de las Cookies es almacenar informaci\u00f3n sobre la navegaci\u00f3n que se efect\u00faa desde dicho equipo en el sitio web&nbsp;https:\/\/transportairport.es\/, [&hellip;]<\/p>\n","protected":false},"author":9,"featured_media":0,"parent":0,"menu_order":0,"comment_status":"closed","ping_status":"closed","template":"","meta":{"footnotes":""},"class_list":["post-6517","page","type-page","status-publish","hentry"],"_links":{"self":[{"href":"https:\/\/transportairport.es\/es\/wp-json\/wp\/v2\/pages\/6517","targetHints":{"allow":["GET"]}}],"collection":[{"href":"https:\/\/transportairport.es\/es\/wp-json\/wp\/v2\/pages"}],"about":[{"href":"https:\/\/transportairport.es\/es\/wp-json\/wp\/v2\/types\/page"}],"author":[{"embeddable":true,"href":"https:\/\/transportairport.es\/es\/wp-json\/wp\/v2\/users\/9"}],"replies":[{"embeddable":true,"href":"https:\/\/transportairport.es\/es\/wp-json\/wp\/v2\/comments?post=6517"}],"version-history":[{"count":0,"href":"https:\/\/transportairport.es\/es\/wp-json\/wp\/v2\/pages\/6517\/revisions"}],"wp:attachment":[{"href":"https:\/\/transportairport.es\/es\/wp-json\/wp\/v2\/media?parent=6517"}],"curies":[{"name":"wp","href":"https:\/\/api.w.org\/{rel}","templated":true}]}}