{"id":6514,"date":"2020-02-11T21:05:56","date_gmt":"2020-02-11T20:05:56","guid":{"rendered":"http:\/\/transportairport.es\/?page_id=6514"},"modified":"2020-02-25T19:39:40","modified_gmt":"2020-02-25T18:39:40","slug":"politica-de-privacidad","status":"publish","type":"page","link":"https:\/\/transportairport.es\/es\/politica-de-privacidad\/","title":{"rendered":"Pol\u00edtica de Privacidad"},"content":{"rendered":"\n<p>La presente Pol\u00edtica de Privacidad facilita al usuario informaci\u00f3n sobre el tratamiento de sus datos personales en&nbsp;https:\/\/transportairport.es\/.<\/p>\n\n\n\n<h3 class=\"wp-block-heading\">Registro de Datos de Car\u00e1cter Personal<\/h3>\n\n\n\n<p>El presente Sitio Web permite el registro de usuarios, por lo que puede almacenar la siguiente informaci\u00f3n de cada usuario:<\/p>\n\n\n\n<ul class=\"wp-block-list\"><li>Nombre<\/li><li>Tipo de Usuario<\/li><li>Apellidos<\/li><li>Empresa<\/li><li>NIF\/CIF<\/li><li>Correo Electr\u00f3nico<\/li><li>Tel\u00e9fono<\/li><li>Direcci\u00f3n<\/li><li>C\u00f3digo Postal<\/li><li>Ciudad<\/li><li>Regi\u00f3n \/ Provincia<\/li><li>Pa\u00eds<\/li><\/ul>\n\n\n\n<p>Es posible que el usuario no haya facilitado alguno de los datos anteriores y \u00e9stos no figuren en la base de datos.<\/p>\n\n\n\n<p>Esta informaci\u00f3n se utiliza para facilitar al usuario el acceso como \u00abUsuario Registrado\u00bb en&nbsp;https:\/\/transportairport.es\/. Adem\u00e1s, podr\u00e1 utilizar su correo para la recuperaci\u00f3n o modificaci\u00f3n de su contrase\u00f1a, aviso de problemas de acceso u otras cuestiones referentes a su cuenta de usuario en&nbsp;https:\/\/transportairport.es\/.<\/p>\n\n\n\n<p>Dichos datos se almacenan en una base de datos propiedad de&nbsp;Innobus Charly 2018 S.L..<\/p>\n\n\n\n<h3 class=\"wp-block-heading\">Tratamiento de los datos personales<\/h3>\n\n\n\n<ol class=\"wp-block-list\"><li><strong>Finalidad del tratamiento de los datos:<\/strong>\u00a0los datos personales recabados en\u00a0https:\/\/transportairport.es\/\u00a0se utilizar\u00e1n para las siguientes finalidades:<ol><li>En caso de contrataci\u00f3n de servicios: para mantener la relaci\u00f3n contractual, as\u00ed como la gesti\u00f3n, informaci\u00f3n y mejora de los servicios.<\/li><li>En caso de compra de productos: para realizar el env\u00edo de los mismos y contactar, si es necesario, con el comprador.<\/li><li>En cualquiera de los casos anteriores, para la emisi\u00f3n de la factura correspondiente.<\/li><li>Env\u00edo de informaci\u00f3n solicitada por el interesado.<\/li><li>Para el env\u00edo de boletines (newsletters), as\u00ed como comunicaciones comerciales de promociones y\/o publicidad de los servicios y eventos en\u00a0https:\/\/transportairport.es\/.<\/li><li>Para la publicaci\u00f3n de comentarios en el Sitio Web.<\/li><\/ol><\/li><li><strong>Tiempo de conservaci\u00f3n de los datos:<\/strong>\u00a0los datos personales del usuario ser\u00e1n almacenados indefinidamente, pudiendo el usuario solicitar su modificaci\u00f3n o eliminaci\u00f3n en cualquier momento enviando un correo electr\u00f3nico a\u00a0info@transportairport.es<\/li><li><strong>Derechos:<\/strong>\u00a0como usuario de\u00a0https:\/\/transportairport.es\/, el usuario dispone del derecho a obtener confirmaci\u00f3n sobre si estamos tratando sus datos personales. En este sentido dispone de:<ol><li>Derecho de ACCESO a sus datos personales.<\/li><li>Derecho de solicitar la RECTIFICACI\u00d3N de los datos inexactos.<\/li><li>Derecho de solicitar la SUPRESI\u00d3N de sus datos.<\/li><li>Derecho de solicitar la PORTABILIDAD de sus datos.Podr\u00e1 ejercer tales derechos por correo electr\u00f3nico a la direcci\u00f3n\u00a0info@transportairport.es\u00a0o por correo postal a la direcci\u00f3n\u00a0Avda. Casanova, Rsdl. La Perla 14H.<\/li><\/ol><\/li><\/ol>\n\n\n\n<h3 class=\"wp-block-heading\">Destinatarios<\/h3>\n\n\n\n<p>Algunos datos como: direcciones IP, comportamiento durante la navegaci\u00f3n, datos demogr\u00e1ficos y otros datos no identificativos; podr\u00e1n ser compartidos con terceros con el fin de mejorar el sitio web o garantizar al usuario la mejor experiencia durante su acceso a&nbsp;https:\/\/transportairport.es\/.<\/p>\n\n\n\n<p>Se compartir\u00e1 datos con los siguientes prestadores de servicios:<\/p>\n\n\n\n<ul class=\"wp-block-list\"><li><strong>Google Analytics:<\/strong>&nbsp;es un servicio anal\u00edtico de web prestado por Google, Inc., una compa\u00f1\u00eda de Delaware cuya oficina principal est\u00e1 en 1600 Amphitheatre Parkway, Mountain View (California), CA 94043, Estados Unidos (\u201cGoogle\u201d).Google Analytics utiliza \u201ccookies\u201d (archivos de texto ubicados en tu ordenador) para ayudar a&nbsp;https:\/\/transportairport.es\/&nbsp;a analizar el uso que hacen los usuarios del Sitio Web. La informaci\u00f3n que genera la cookie acerca de su uso en&nbsp;https:\/\/transportairport.es\/&nbsp;es directamente transmitida y archivada por Google.<\/li><li><strong>Hosting:<\/strong>&nbsp;SiteGround Spain S.L., con domicilio social en Calle de Prim 19, 28004 Madrid, Espa\u00f1a, trata los datos con la finalidad de realizar sus servicios de hosting a&nbsp;https:\/\/transportairport.es\/.<\/li><li><strong>Hosting:<\/strong>&nbsp;Cloudways Ltd., con domicilio social en 52 Springvale Pope Pius XII Street, Mosta, Malta, trata los datos con la finalidad de realizar sus servicios de hosting a&nbsp;https:\/\/transportairport.es\/.<\/li><li><strong>Google Adwords:<\/strong>&nbsp;es un servicio anal\u00edtico de web prestado por Google, Inc., una compa\u00f1\u00eda de Delaware cuya oficina principal est\u00e1 en 1600 Amphitheatre Parkway, Mountain View (California), CA 94043, Estados Unidos (\u201cGoogle\u201d).Google Adwords realiza un seguimiento de los usuarios que han accedido al Sitio Web a trav\u00e9s de los anuncios mostrados en Portales de Google o Asociados.<\/li><\/ul>\n\n\n\n<h3 class=\"wp-block-heading\">Confidencialidad<\/h3>\n\n\n\n<p>En ning\u00fan caso cederemos datos personales a terceros no mencionados anteriormente, salvo previa petici\u00f3n o autorizaci\u00f3n expresa del usuario. Adem\u00e1s, los datos compartidos con terceros ser\u00e1n los estrictamente necesarios para el buen funcionamiento del sitio web y para garantizar al usuario una experiencia \u00f3ptima mientras utilice y navegue por&nbsp;https:\/\/transportairport.es\/.<\/p>\n","protected":false},"excerpt":{"rendered":"<p>La presente Pol\u00edtica de Privacidad facilita al usuario informaci\u00f3n sobre el tratamiento de sus datos personales en&nbsp;https:\/\/transportairport.es\/. Registro de Datos de Car\u00e1cter Personal El presente Sitio Web permite el registro de usuarios, por lo que puede almacenar la siguiente informaci\u00f3n de cada usuario: Nombre Tipo de Usuario Apellidos Empresa NIF\/CIF Correo Electr\u00f3nico Tel\u00e9fono Direcci\u00f3n C\u00f3digo [&hellip;]<\/p>\n","protected":false},"author":9,"featured_media":0,"parent":0,"menu_order":0,"comment_status":"closed","ping_status":"closed","template":"","meta":{"footnotes":""},"class_list":["post-6514","page","type-page","status-publish","hentry"],"_links":{"self":[{"href":"https:\/\/transportairport.es\/es\/wp-json\/wp\/v2\/pages\/6514","targetHints":{"allow":["GET"]}}],"collection":[{"href":"https:\/\/transportairport.es\/es\/wp-json\/wp\/v2\/pages"}],"about":[{"href":"https:\/\/transportairport.es\/es\/wp-json\/wp\/v2\/types\/page"}],"author":[{"embeddable":true,"href":"https:\/\/transportairport.es\/es\/wp-json\/wp\/v2\/users\/9"}],"replies":[{"embeddable":true,"href":"https:\/\/transportairport.es\/es\/wp-json\/wp\/v2\/comments?post=6514"}],"version-history":[{"count":0,"href":"https:\/\/transportairport.es\/es\/wp-json\/wp\/v2\/pages\/6514\/revisions"}],"wp:attachment":[{"href":"https:\/\/transportairport.es\/es\/wp-json\/wp\/v2\/media?parent=6514"}],"curies":[{"name":"wp","href":"https:\/\/api.w.org\/{rel}","templated":true}]}}