{"id":6509,"date":"2020-02-11T21:02:35","date_gmt":"2020-02-11T20:02:35","guid":{"rendered":"http:\/\/transportairport.es\/aviso-legal\/"},"modified":"2020-02-11T21:02:36","modified_gmt":"2020-02-11T20:02:36","slug":"aviso-legal","status":"publish","type":"page","link":"https:\/\/transportairport.es\/es\/aviso-legal\/","title":{"rendered":"Aviso Legal"},"content":{"rendered":"\n<p>Mediante este Aviso Legal se regula el uso de las p\u00e1ginas que forman https:\/\/transportairport.es\/, incluidos los contenidos ofrecidos en dicho sitio web.<\/p>\n\n<h3 class=\"wp-block-heading\">Identidad del Sitio<\/h3>\n\n<ul class=\"wp-block-list\"><li><strong>Nombre:<\/strong> Innobus Charly 2018 S.L.<\/li><li><strong>Nombre Comercial: <\/strong>Transport Airport<\/li><li><strong>NIF\/CIF:<\/strong> B42608752<\/li><li><strong>Direcci\u00f3n:<\/strong> Avda. Casanova, Rsdl. La Perla 14H<\/li><li><strong>Actividad:<\/strong> Transporte terrestre urbano y suburbano de pasajeros<\/li><li><strong>Web:<\/strong> https:\/\/transportairport.es\/<\/li><li><strong>Correo Electr\u00f3nico:<\/strong> info@transportairport.es<\/li><\/ul>\n<h3 class=\"wp-block-heading\">Finalidad del Sitio<\/h3>\n\n<p>Este Sitio Web ofrece contenidos y\/o productos\/servicios relacionados con Transporte terrestre urbano y suburbano de pasajeros.<\/p>\n\n<h3 class=\"wp-block-heading\">Propiedad del Sitio<\/h3>\n\n<p>Tanto el Sitio Web https:\/\/transportairport.es\/ como el contenido que muestra (textos, im\u00e1genes, etc.), pertenecen a Innobus Charly 2018 S.L. y se proh\u00edbe su reproducci\u00f3n total o parcial sin previo consentimiento.<\/p>\n\n<p>Las im\u00e1genes de terceros utilizadas en la web cuentan con la licencia y\/o autorizaci\u00f3n del autor.<\/p>\n\n<h3 class=\"wp-block-heading\">Medidas de Seguridad<\/h3>\n\n<p>En https:\/\/transportairport.es\/ llevamos a cabo medidas de prevenci\u00f3n para evitar que el sitio o los datos que almacena se vean comprometidos.<\/p>\n\n<p>Adem\u00e1s, utilizamos programas y plugins que nos permitan detectar posibles amenazas (virus, brechas de seguridad, etc.). Sin embargo, si en alg\u00fan momento los datos de los usuarios se ven comprometidos, se avisar\u00e1 por correo electr\u00f3nico a los afectados.<\/p>\n\n<h3 class=\"wp-block-heading\">Contacto<\/h3>\n\n<p>Si necesitas ponerte en contacto con nosotros, puedes enviarnos un correo electr\u00f3nico a info@transportairport.es<\/p>\n","protected":false},"excerpt":{"rendered":"<p>Mediante este Aviso Legal se regula el uso de las p\u00e1ginas que forman https:\/\/transportairport.es\/, incluidos los contenidos ofrecidos en dicho sitio web. Identidad del Sitio Nombre: Innobus Charly 2018 S.L. Nombre Comercial: Transport Airport NIF\/CIF: B42608752 Direcci\u00f3n: Avda. Casanova, Rsdl. La Perla 14H Actividad: Transporte terrestre urbano y suburbano de pasajeros Web: https:\/\/transportairport.es\/ Correo Electr\u00f3nico: [&hellip;]<\/p>\n","protected":false},"author":9,"featured_media":0,"parent":0,"menu_order":0,"comment_status":"closed","ping_status":"closed","template":"","meta":{"footnotes":""},"class_list":["post-6509","page","type-page","status-publish","hentry"],"_links":{"self":[{"href":"https:\/\/transportairport.es\/es\/wp-json\/wp\/v2\/pages\/6509","targetHints":{"allow":["GET"]}}],"collection":[{"href":"https:\/\/transportairport.es\/es\/wp-json\/wp\/v2\/pages"}],"about":[{"href":"https:\/\/transportairport.es\/es\/wp-json\/wp\/v2\/types\/page"}],"author":[{"embeddable":true,"href":"https:\/\/transportairport.es\/es\/wp-json\/wp\/v2\/users\/9"}],"replies":[{"embeddable":true,"href":"https:\/\/transportairport.es\/es\/wp-json\/wp\/v2\/comments?post=6509"}],"version-history":[{"count":0,"href":"https:\/\/transportairport.es\/es\/wp-json\/wp\/v2\/pages\/6509\/revisions"}],"wp:attachment":[{"href":"https:\/\/transportairport.es\/es\/wp-json\/wp\/v2\/media?parent=6509"}],"curies":[{"name":"wp","href":"https:\/\/api.w.org\/{rel}","templated":true}]}}