{"id":6183,"date":"2019-12-03T21:03:38","date_gmt":"2019-12-03T19:03:38","guid":{"rendered":"http:\/\/transportairport.es\/transferencia-personalizada\/"},"modified":"2020-02-29T12:58:39","modified_gmt":"2020-02-29T11:58:39","slug":"transferencia-personalizada","status":"publish","type":"page","link":"https:\/\/transportairport.es\/es\/transferencia-personalizada\/","title":{"rendered":"Traslado personalizado"},"content":{"rendered":"<h2 class=\"widget-title\">Rellene el formulario para un traslado personalizado<\/h2>\n<p>Aqu\u00ed puede solicitar un traslado personalizado para que podamos prepararlo de acuerdo con sus deseos y necesidades.<\/p>\n<p><span style=\"font-size: inherit;\">Para recibir una oferta, complete el siguiente formulario y aseg\u00farese de describir el viaje en detalle. Especifique la fecha y hora de salida desde el lugar de salida, la fecha y hora de llegada al destino final, todas las paradas, su duraci\u00f3n y cualquier requisito especial.<\/span><\/p>\n<p>Enviarle un presupuesto no requiere que finalmente contrate el servicio. Puede tomar su decisi\u00f3n despu\u00e9s de que le enviemos la oferta.<\/p>\n\n<div class=\"wpcf7 no-js\" id=\"wpcf7-f7423-o1\" lang=\"es-ES\" dir=\"ltr\" data-wpcf7-id=\"7423\">\n<div class=\"screen-reader-response\"><p role=\"status\" aria-live=\"polite\" aria-atomic=\"true\"><\/p> <ul><\/ul><\/div>\n<form action=\"\/es\/wp-json\/wp\/v2\/pages\/6183#wpcf7-f7423-o1\" method=\"post\" class=\"wpcf7-form init wpcf7-acceptance-as-validation\" aria-label=\"Formulario de contacto\" novalidate=\"novalidate\" data-status=\"init\">\n<fieldset class=\"hidden-fields-container\"><input type=\"hidden\" name=\"_wpcf7\" value=\"7423\" \/><input type=\"hidden\" name=\"_wpcf7_version\" value=\"6.1.5\" \/><input type=\"hidden\" name=\"_wpcf7_locale\" value=\"es_ES\" \/><input type=\"hidden\" name=\"_wpcf7_unit_tag\" value=\"wpcf7-f7423-o1\" \/><input type=\"hidden\" name=\"_wpcf7_container_post\" value=\"0\" \/><input type=\"hidden\" name=\"_wpcf7_posted_data_hash\" value=\"\" \/><input type=\"hidden\" name=\"_wpcf7_recaptcha_response\" value=\"\" \/>\n<\/fieldset>\n<p><strong>INFORMACI\u00d3N DE CONTACTO<\/strong>\n<\/p>\n<p><label> Tu nombre (obligatorio)<br \/>\n<span class=\"wpcf7-form-control-wrap\" data-name=\"your-name\"><input size=\"40\" maxlength=\"400\" class=\"wpcf7-form-control wpcf7-text wpcf7-validates-as-required\" autocomplete=\"name\" aria-required=\"true\" aria-invalid=\"false\" value=\"\" type=\"text\" name=\"your-name\" \/><\/span> <\/label>\n<\/p>\n<p><label> Tu n\u00famero de tel\u00e9fono (obligatorio)<br \/>\n<span class=\"wpcf7-form-control-wrap\" data-name=\"your-phone\"><input size=\"40\" maxlength=\"400\" class=\"wpcf7-form-control wpcf7-tel wpcf7-validates-as-required wpcf7-text wpcf7-validates-as-tel\" autocomplete=\"tel\" aria-required=\"true\" aria-invalid=\"false\" value=\"\" type=\"tel\" name=\"your-phone\" \/><\/span> <\/label>\n<\/p>\n<p><label> Tu correo electr\u00f3nico (obligatorio)<br \/>\n<span class=\"wpcf7-form-control-wrap\" data-name=\"your-email\"><input size=\"40\" maxlength=\"400\" class=\"wpcf7-form-control wpcf7-email wpcf7-validates-as-required wpcf7-text wpcf7-validates-as-email\" autocomplete=\"email\" aria-required=\"true\" aria-invalid=\"false\" value=\"\" type=\"email\" name=\"your-email\" \/><\/span> <\/label>\n<\/p>\n<p><strong>INFORMACI\u00d3N DE TRASLADO<\/strong>\n<\/p>\n<p><label> Fecha de recogida (obligatorio)<br \/>\n<span class=\"wpcf7-form-control-wrap\" data-name=\"pick-up-date\"><input class=\"wpcf7-form-control wpcf7-date wpcf7-validates-as-required wpcf7-validates-as-date\" aria-required=\"true\" aria-invalid=\"false\" value=\"\" type=\"date\" name=\"pick-up-date\" \/><\/span> <\/label>\n<\/p>\n<p><label> Hora de recogida (obligatorio)<br \/>\n<span class=\"wpcf7-form-control-wrap\" data-name=\"pick-up-time\"><input size=\"40\" maxlength=\"400\" class=\"wpcf7-form-control wpcf7-text wpcf7-validates-as-required\" aria-required=\"true\" aria-invalid=\"false\" value=\"\" type=\"text\" name=\"pick-up-time\" \/><\/span> <\/label>\n<\/p>\n<p><label> Lugar de recogida (obligatorio)<br \/>\n<span class=\"wpcf7-form-control-wrap\" data-name=\"pick-up-location\"><input size=\"40\" maxlength=\"400\" class=\"wpcf7-form-control wpcf7-text wpcf7-validates-as-required\" aria-required=\"true\" aria-invalid=\"false\" value=\"\" type=\"text\" name=\"pick-up-location\" \/><\/span> <\/label>\n<\/p>\n<p><label> Destino (obligatorio)<br \/>\n<span class=\"wpcf7-form-control-wrap\" data-name=\"drop-off-location\"><input size=\"40\" maxlength=\"400\" class=\"wpcf7-form-control wpcf7-text wpcf7-validates-as-required\" aria-required=\"true\" aria-invalid=\"false\" value=\"\" type=\"text\" name=\"drop-off-location\" \/><\/span> <\/label>\n<\/p>\n<p><label> N\u00famero de pasajeros (obligatorio)<br \/>\n<span class=\"wpcf7-form-control-wrap\" data-name=\"number-passengers\"><input class=\"wpcf7-form-control wpcf7-number wpcf7-validates-as-required wpcf7-validates-as-number\" min=\"1\" aria-required=\"true\" aria-invalid=\"false\" value=\"\" type=\"number\" name=\"number-passengers\" \/><\/span> <\/label>\n<\/p>\n<p><strong>INFORMACI\u00d3N ADICIONAL<\/strong><br \/>\n(N\u00famero de vuelo, terminal del aeropuerto, n\u00famero de vuelo, asientos para beb\u00e9s, etc.)<br \/>\n<span class=\"wpcf7-form-control-wrap\" data-name=\"your-message\"><textarea cols=\"40\" rows=\"10\" maxlength=\"2000\" class=\"wpcf7-form-control wpcf7-textarea\" aria-invalid=\"false\" name=\"your-message\"><\/textarea><\/span>\n<\/p>\n<p><span class=\"wpcf7-form-control-wrap\" data-name=\"rgpd\"><span class=\"wpcf7-form-control wpcf7-acceptance\"><span class=\"wpcf7-list-item\"><label><input type=\"checkbox\" name=\"rgpd\" value=\"1\" class=\"required\" aria-invalid=\"false\" \/><span class=\"wpcf7-list-item-label\">He le\u00eddo y acepto la <a href=\"https:\/\/transportairport.es\/es\/politica-de-privacidad\/\" target=\"_blank\">Pol\u00edtica de Privacidad<\/a> de Transport Airport<\/span><\/label><\/span><\/span><\/span>\n<\/p>\n<p><input class=\"wpcf7-form-control wpcf7-submit has-spinner\" type=\"submit\" value=\"Enviar\" \/>\n<\/p><div class=\"wpcf7-response-output\" aria-hidden=\"true\"><\/div>\n<\/form>\n<\/div>\n\n","protected":false},"excerpt":{"rendered":"<p>Rellene el formulario para un traslado personalizado Aqu\u00ed puede solicitar un traslado personalizado para que podamos prepararlo de acuerdo con sus deseos y necesidades. Para recibir una oferta, complete el siguiente formulario y aseg\u00farese de describir el viaje en detalle. Especifique la fecha y hora de salida desde el lugar de salida, la fecha y [&hellip;]<\/p>\n","protected":false},"author":9,"featured_media":0,"parent":0,"menu_order":0,"comment_status":"closed","ping_status":"open","template":"","meta":{"footnotes":""},"class_list":["post-6183","page","type-page","status-publish","hentry"],"_links":{"self":[{"href":"https:\/\/transportairport.es\/es\/wp-json\/wp\/v2\/pages\/6183","targetHints":{"allow":["GET"]}}],"collection":[{"href":"https:\/\/transportairport.es\/es\/wp-json\/wp\/v2\/pages"}],"about":[{"href":"https:\/\/transportairport.es\/es\/wp-json\/wp\/v2\/types\/page"}],"author":[{"embeddable":true,"href":"https:\/\/transportairport.es\/es\/wp-json\/wp\/v2\/users\/9"}],"replies":[{"embeddable":true,"href":"https:\/\/transportairport.es\/es\/wp-json\/wp\/v2\/comments?post=6183"}],"version-history":[{"count":0,"href":"https:\/\/transportairport.es\/es\/wp-json\/wp\/v2\/pages\/6183\/revisions"}],"wp:attachment":[{"href":"https:\/\/transportairport.es\/es\/wp-json\/wp\/v2\/media?parent=6183"}],"curies":[{"name":"wp","href":"https:\/\/api.w.org\/{rel}","templated":true}]}}